{"id":76,"date":"2014-01-04T16:31:57","date_gmt":"2014-01-04T15:31:57","guid":{"rendered":"http:\/\/kongsbergbruk2.no\/?page_id=76"},"modified":"2024-02-16T11:06:20","modified_gmt":"2024-02-16T10:06:20","slug":"test1","status":"publish","type":"page","link":"https:\/\/kongsbergbruk2.no\/?page_id=76","title":{"rendered":"Husordensregler"},"content":{"rendered":"<p>HUSORDENSREGLER KONGSBERG BRUK II<\/p>\n<p>Vedtatt med endringer i sameierm\u00f8te 15.03.2016<\/p>\n<p>Beboerne plikter \u00e5 f\u00f8lge bestemmelsene i husordenen og er ogs\u00e5 ansvarlig for at ordensreglene blir overholdt av husstanden og andre som gis adgang til eierseksjonen. Den skal ikke brukes slik at det sjenerer andre. Husordenen skal sikre beboerne orden, ro og ikke minst hygge i hjemmene.<\/p>\n<p>1.<br \/>\nErvervsmessig musikk- og sangundervisning tillates bare etter innhentet samtykke fra naboer.<\/p>\n<p>2.<br \/>\nBeboerne plikter \u00e5 verne om plener, beplantning og andre ytre anlegg. Flaggstenger, antenner, markiser, skilt o.l. kan bare settes opp etter styrets godkjenning.<br \/>\nMarkiser kan settes opp. De skal v\u00e6re ensfarget og i en nyanse av husfargen. Ved tvil sp\u00f8r styret.<\/p>\n<p>3.<br \/>\nBiler og andre kj\u00f8ret\u00f8y skal ikke parkeres, vedlikeholdes eller repareres p\u00e5 sameiets omr\u00e5de utenom de regulerte biloppstillingsplassene. Lastebiler m\/henger kan ikke benytte gjesteparkeringen som parkeringsplass. Det er kun tillatt med av- og p\u00e5lessing inne p\u00e5 omr\u00e5det. Brukere av HC parkering skal ha HC-lapp i vinduet.<br \/>\nGarasjeportene skal kun brukes ved inn\/ut-kj\u00f8ring av bil.<\/p>\n<p>Omr\u00e5der merket korttidsparkering, tillates maks lengde p\u00e5 parkering i 4 dager p\u00e5 samme plass. Fellesparkering ved grendehus tillates sammenhengene parkering maks 1 m\u00e5ned \u00a0Dette gjelder ogs\u00e5 tilhengere. Ved fravikelse av tid , skal dette skriftlig behandles gjennom styret.<\/p>\n<p>3b.<br \/>\nUtvendig vask av bil er ikke tillatt p\u00e5 sameiets omr\u00e5de.<\/p>\n<p>4.<br \/>\nDyr m\u00e5 ikke holdes i eierseksjonen hvis de etter styrets mening er til sjenanse for beboerne. Antall husdyr er begrenset til 1 stk pr. bolig. Hund\/katt m\u00e5 ikke benytte som avtrede leke\/oppholdsomr\u00e5der for barn eller steder som benyttes til alminnelig ferdsel. Ingen m\u00e5 la dyreekskrementer bli liggende igjen p\u00e5 sameiets omr\u00e5de. For \u00f8vrig vises til de til enhver tid gjeldende politivedtekter. Hunder skal holdes i b\u00e5nd inne p\u00e5 sameiets omr\u00e5de hele \u00e5ret.<\/p>\n<p>5.<br \/>\nS\u00f8ppel skal kastes i riktig container i s\u00f8ppelboden. Farlig avfall, for eksempel<br \/>\nlettantennelige produkter, maling, lakk, olje og andre petroleumsprodukter skal leveres til avfallsmottaket p\u00e5 Gomsrud. Det samme gjelder elektriske og elektroniske produkter (EE-avfall). Kommunens sorteringsguide er gjeldende. Alle skal bidra til at s\u00f8ppelrommene blir holdt i orden.<\/p>\n<p>6.<br \/>\nBeboerne er ansvarlig for at utvendige hus- og bodvegger ikke blir tils\u00f8lt eller beskadiget. Hver enkelt s\u00f8rger for utvendig renhold av sin del av boligen med tilh\u00f8rende bodareal.<\/p>\n<p>7.<br \/>\nAlle rom m\u00e5 holdes s\u00e5pass oppvarmet at vannet i ledningene ikke fryser.<\/p>\n<p>8.<br \/>\nDet er ikke tillatt \u00e5 sykle p\u00e5 gr\u00f8ntarealet. Ski, aking, ballspill etc. m\u00e5 ikke skje s\u00e5 n\u00e6rt boligene at det er til fare\/ulempe for beboerne. Baller eller andre gjenstander m\u00e5 ikke sparkes eller kastes mot boligene slik at det oppst\u00e5r skade eller tilsmussing.<br \/>\nDet er ikke tillatt \u00e5 anlegge gangstier p\u00e5 gr\u00f8ntarealet. Fyrverkeri tillates kun ved nytt\u00e5rsfeiring og skal foreg\u00e5 fra gangstien ved L\u00e5gen. Kommunens regler gjelder.<\/p>\n<p>9.<br \/>\nEiere av boligseksjoner i 1. etg. har bruksrett og vedlikeholdsplikt av gr\u00f8ntareal hvis begrensning er seksjonens bredde p\u00e5 balkongsiden. Arealet gjelder for \u00f8vrig kun det areal som leveres tils\u00e5dd med plen fra utbygger.<br \/>\nTerrasse kan inn-glasses men kan kun brukes til opprinnelig form\u00e5l.<\/p>\n<p>10.<br \/>\nT\u00f8rkestativ \u2013 skal ikke v\u00e6re h\u00f8yere enn 90 cm og st\u00e5 inne p\u00e5 veranda. Store utestativer er ikke tillatt.<\/p>\n<p>11.<br \/>\nBanking av tepper\/dyner o.l. skal ikke gj\u00f8res s\u00e5 det er til sjenanse for de andre beboerne, d.v.s. ikke ut over rekkverk i 2. etg.<\/p>\n<p>12.<br \/>\nVed skjerming mellom boligene skal det v\u00e6re hvit levegg eller hekk med max h\u00f8yde 1.8 meter. Skal samordnes med nabo.<\/p>\n<p>13.<br \/>\nTrampoliner er ikke tillatt.<\/p>\n<p>14.<br \/>\nMulige henvendelser fra styret til beboerne ved rundskriv eller oppslag skal gjelde p\u00e5 samme vis som husordenens bestemmelser.<\/p>\n<p>15.<br \/>\nHenvendelse til styret i anledning av husorden skal v\u00e6re skriftlig.<\/p>\n","protected":false},"excerpt":{"rendered":"<p>HUSORDENSREGLER KONGSBERG BRUK II Vedtatt med endringer i sameierm\u00f8te 15.03.2016 Beboerne plikter \u00e5 f\u00f8lge bestemmelsene i husordenen og er ogs\u00e5 ansvarlig for at ordensreglene blir overholdt av husstanden og andre som gis adgang til eierseksjonen. Den skal ikke brukes slik at det sjenerer andre. Husordenen skal sikre beboerne orden, ro og ikke minst hygge i [&hellip;]<\/p>\n","protected":false},"author":4,"featured_media":0,"parent":29,"menu_order":5,"comment_status":"closed","ping_status":"closed","template":"","meta":{"footnotes":""},"class_list":["post-76","page","type-page","status-publish","hentry"],"_links":{"self":[{"href":"https:\/\/kongsbergbruk2.no\/index.php?rest_route=\/wp\/v2\/pages\/76","targetHints":{"allow":["GET"]}}],"collection":[{"href":"https:\/\/kongsbergbruk2.no\/index.php?rest_route=\/wp\/v2\/pages"}],"about":[{"href":"https:\/\/kongsbergbruk2.no\/index.php?rest_route=\/wp\/v2\/types\/page"}],"author":[{"embeddable":true,"href":"https:\/\/kongsbergbruk2.no\/index.php?rest_route=\/wp\/v2\/users\/4"}],"replies":[{"embeddable":true,"href":"https:\/\/kongsbergbruk2.no\/index.php?rest_route=%2Fwp%2Fv2%2Fcomments&post=76"}],"version-history":[{"count":29,"href":"https:\/\/kongsbergbruk2.no\/index.php?rest_route=\/wp\/v2\/pages\/76\/revisions"}],"predecessor-version":[{"id":1152,"href":"https:\/\/kongsbergbruk2.no\/index.php?rest_route=\/wp\/v2\/pages\/76\/revisions\/1152"}],"up":[{"embeddable":true,"href":"https:\/\/kongsbergbruk2.no\/index.php?rest_route=\/wp\/v2\/pages\/29"}],"wp:attachment":[{"href":"https:\/\/kongsbergbruk2.no\/index.php?rest_route=%2Fwp%2Fv2%2Fmedia&parent=76"}],"curies":[{"name":"wp","href":"https:\/\/api.w.org\/{rel}","templated":true}]}}