{"id":113,"date":"2014-01-10T22:11:20","date_gmt":"2014-01-10T21:11:20","guid":{"rendered":"http:\/\/kongsbergbruk2.no\/?page_id=113"},"modified":"2024-02-19T18:03:12","modified_gmt":"2024-02-19T17:03:12","slug":"parkering","status":"publish","type":"page","link":"https:\/\/kongsbergbruk2.no\/?page_id=113","title":{"rendered":"Parkering"},"content":{"rendered":"<p><strong>Veiene til husene m\u00e5 holdes fri for biler og skal kun brukes til lasting eller lossing. <\/strong><strong>\u00d8vrig parkering er ikke tillatt.<\/strong><br \/>\nI Sameiet har vi to parkeringsomr\u00e5der som kan brukes for beboere og gjester, se bildet.<\/p>\n<p>Nedre parkering langs garasjen, er maks lengde p\u00e5 parkering 4 dager.. \u00d8vre parkering maks 1 m\u00e5ned \u00a0Avregistrerte\/avskiltede kj\u00f8ret\u00f8yer tillates ikke utover 1 m\u00e5ned<\/p>\n<p><a href=\"https:\/\/kongsbergbruk2.no\/wp-content\/uploads\/2014\/02\/parkering_a.jpg\"><img loading=\"lazy\" decoding=\"async\" class=\"aligncenter size-full wp-image-171\" src=\"https:\/\/kongsbergbruk2.no\/wp-content\/uploads\/2014\/02\/parkering_a.jpg\" alt=\"Parkering\" width=\"823\" height=\"573\" srcset=\"https:\/\/kongsbergbruk2.no\/wp-content\/uploads\/2014\/02\/parkering_a.jpg 823w, https:\/\/kongsbergbruk2.no\/wp-content\/uploads\/2014\/02\/parkering_a-300x208.jpg 300w\" sizes=\"auto, (max-width: 823px) 100vw, 823px\" \/><\/a><strong> NB! Parkerer man p\u00e5 plassen foran garasjen under hus 4, sett bilen med fronten MOT garasjen og IKKE rygg inn p\u00e5 plassen. <\/strong>Rygger man \u00abspyr\u00bb man eksos inn i garasjeanlegget, og lar man bilen g\u00e5 p\u00e5 tomgang blir det ekstra ille.<\/p>\n<p><strong>\u00a0<\/strong><\/p>\n","protected":false},"excerpt":{"rendered":"<p>Veiene til husene m\u00e5 holdes fri for biler og skal kun brukes til lasting eller lossing. \u00d8vrig parkering er ikke tillatt. I Sameiet har vi to parkeringsomr\u00e5der som kan brukes for beboere og gjester, se bildet. Nedre parkering langs garasjen, er maks lengde p\u00e5 parkering 4 dager.. \u00d8vre parkering maks 1 m\u00e5ned \u00a0Avregistrerte\/avskiltede kj\u00f8ret\u00f8yer tillates [&hellip;]<\/p>\n","protected":false},"author":4,"featured_media":0,"parent":29,"menu_order":15,"comment_status":"closed","ping_status":"closed","template":"","meta":{"footnotes":""},"class_list":["post-113","page","type-page","status-publish","hentry"],"_links":{"self":[{"href":"https:\/\/kongsbergbruk2.no\/index.php?rest_route=\/wp\/v2\/pages\/113","targetHints":{"allow":["GET"]}}],"collection":[{"href":"https:\/\/kongsbergbruk2.no\/index.php?rest_route=\/wp\/v2\/pages"}],"about":[{"href":"https:\/\/kongsbergbruk2.no\/index.php?rest_route=\/wp\/v2\/types\/page"}],"author":[{"embeddable":true,"href":"https:\/\/kongsbergbruk2.no\/index.php?rest_route=\/wp\/v2\/users\/4"}],"replies":[{"embeddable":true,"href":"https:\/\/kongsbergbruk2.no\/index.php?rest_route=%2Fwp%2Fv2%2Fcomments&post=113"}],"version-history":[{"count":9,"href":"https:\/\/kongsbergbruk2.no\/index.php?rest_route=\/wp\/v2\/pages\/113\/revisions"}],"predecessor-version":[{"id":1176,"href":"https:\/\/kongsbergbruk2.no\/index.php?rest_route=\/wp\/v2\/pages\/113\/revisions\/1176"}],"up":[{"embeddable":true,"href":"https:\/\/kongsbergbruk2.no\/index.php?rest_route=\/wp\/v2\/pages\/29"}],"wp:attachment":[{"href":"https:\/\/kongsbergbruk2.no\/index.php?rest_route=%2Fwp%2Fv2%2Fmedia&parent=113"}],"curies":[{"name":"wp","href":"https:\/\/api.w.org\/{rel}","templated":true}]}}