{"id":107,"date":"2014-01-10T22:05:52","date_gmt":"2014-01-10T21:05:52","guid":{"rendered":"http:\/\/kongsbergbruk2.no\/?page_id=107"},"modified":"2024-04-25T17:27:39","modified_gmt":"2024-04-25T15:27:39","slug":"styret","status":"publish","type":"page","link":"https:\/\/kongsbergbruk2.no\/?page_id=107","title":{"rendered":"Om styret"},"content":{"rendered":"<p>Styret best\u00e5r av en styreleder, fire styremedlemmer og to varamedlemmer<\/p>\n<p>Styret skal s\u00f8rge for vedlikehold og drift av eiendommen, og ellers s\u00f8rge for forvaltningen av sameiets anliggender i samsvar med lov, vedtekter og vedtak fattet av sameierm\u00f8tet.<\/p>\n<p><strong>Boligsameiet Kongsberg Bruk II<\/strong><br \/>\nOrg. nr: \u00a0 \u00a0 \u00a0 \u00a0 \u00a0 \u00a0 \u00a0 912441717<br \/>\nAdresse: \u00a0 \u00a0 \u00a0 \u00a0 \u00a0 \u00a0\u00a0 Sagbruksveien 34b, 3617 Kongsberg<br \/>\nE-post: \u00a0 \u00a0 \u00a0 \u00a0 \u00a0 \u00a0 \u00a0 \u00a0<a href=\"mailto:styret@kongsbergbruk2.no\">styret@kongsbergbruk2.no<\/a><\/p>\n<table border=\"1\" cellspacing=\"0\" cellpadding=\"0\">\n<tbody>\n<tr>\n<td width=\"140\">Henning Martiniussen<\/td>\n<td width=\"149\">Styreleder Mobil 48273922<\/td>\n<\/tr>\n<tr>\n<td width=\"140\">Svein Lintvedt<\/td>\n<td width=\"149\">Styremedlem<\/td>\n<\/tr>\n<tr>\n<td width=\"140\">Tor Johansen<\/td>\n<td width=\"149\">Styremedlem<\/td>\n<\/tr>\n<tr>\n<td width=\"140\">Stig Myrvolden<\/td>\n<td width=\"149\">Styremedlem<\/td>\n<\/tr>\n<tr>\n<td width=\"140\">Terje Pedersen<\/td>\n<td width=\"149\">Styremedlem<\/td>\n<\/tr>\n<tr>\n<td width=\"140\"><\/td>\n<td width=\"149\"><\/td>\n<\/tr>\n<tr>\n<td width=\"140\">Janne Grethe L\u00f8kvoll<\/td>\n<td width=\"149\">\u00a0Vara<\/td>\n<\/tr>\n<\/tbody>\n<\/table>\n<p><a title=\"Informasjonsskriv\" href=\"https:\/\/kongsbergbruk2.no\/?page_id=277\"><em>\u00a0Informasjonsskriv fra styrem\u00f8ter<\/em><\/a><\/p>\n<p><b><br \/>\nPK Eiendom AS <\/b>&#8211;\u00a0Forretningsf\u00f8rer<br \/>\nIngjerd Buen<br \/>\nEiendomskonsulent<br \/>\nE-mail: <span class=\"s2\"><a href=\"mailto:ingjerd.buen@pk-eiendom.no\">ingjerd.buen@pk-eiendom.no<br \/>\n<\/a><\/span>Direkte telefon: 99 22 92 50<br \/>\nSentralbord: 97772310<\/p>\n","protected":false},"excerpt":{"rendered":"<p>Styret best\u00e5r av en styreleder, fire styremedlemmer og to varamedlemmer Styret skal s\u00f8rge for vedlikehold og drift av eiendommen, og ellers s\u00f8rge for forvaltningen av sameiets anliggender i samsvar med lov, vedtekter og vedtak fattet av sameierm\u00f8tet. Boligsameiet Kongsberg Bruk II Org. nr: \u00a0 \u00a0 \u00a0 \u00a0 \u00a0 \u00a0 \u00a0 912441717 Adresse: \u00a0 \u00a0 \u00a0 [&hellip;]<\/p>\n","protected":false},"author":4,"featured_media":0,"parent":475,"menu_order":0,"comment_status":"closed","ping_status":"closed","template":"","meta":{"footnotes":""},"class_list":["post-107","page","type-page","status-publish","hentry"],"_links":{"self":[{"href":"https:\/\/kongsbergbruk2.no\/index.php?rest_route=\/wp\/v2\/pages\/107","targetHints":{"allow":["GET"]}}],"collection":[{"href":"https:\/\/kongsbergbruk2.no\/index.php?rest_route=\/wp\/v2\/pages"}],"about":[{"href":"https:\/\/kongsbergbruk2.no\/index.php?rest_route=\/wp\/v2\/types\/page"}],"author":[{"embeddable":true,"href":"https:\/\/kongsbergbruk2.no\/index.php?rest_route=\/wp\/v2\/users\/4"}],"replies":[{"embeddable":true,"href":"https:\/\/kongsbergbruk2.no\/index.php?rest_route=%2Fwp%2Fv2%2Fcomments&post=107"}],"version-history":[{"count":39,"href":"https:\/\/kongsbergbruk2.no\/index.php?rest_route=\/wp\/v2\/pages\/107\/revisions"}],"predecessor-version":[{"id":1188,"href":"https:\/\/kongsbergbruk2.no\/index.php?rest_route=\/wp\/v2\/pages\/107\/revisions\/1188"}],"up":[{"embeddable":true,"href":"https:\/\/kongsbergbruk2.no\/index.php?rest_route=\/wp\/v2\/pages\/475"}],"wp:attachment":[{"href":"https:\/\/kongsbergbruk2.no\/index.php?rest_route=%2Fwp%2Fv2%2Fmedia&parent=107"}],"curies":[{"name":"wp","href":"https:\/\/api.w.org\/{rel}","templated":true}]}}