{"id":101,"date":"2014-01-05T20:14:46","date_gmt":"2014-01-05T19:14:46","guid":{"rendered":"http:\/\/kongsbergbruk2.no\/?page_id=101"},"modified":"2016-03-14T20:51:43","modified_gmt":"2016-03-14T19:51:43","slug":"om-oss","status":"publish","type":"page","link":"https:\/\/kongsbergbruk2.no\/?page_id=101","title":{"rendered":"OM OSS"},"content":{"rendered":"<p>Boligsameiet Kongsberg Bruk II ble stiftet h\u00f8sten 2013 og best\u00e5r av 9 hus med 78 boliger.<\/p>\n<p>Sameiet har et trygt og godt bomilj\u00f8 med gode arealer for opphold og lek. Sameiet ligger p\u00e5 vestsiden av Numedalsl\u00e5gen. Mellom elva og boligene ligger gangveien som g\u00e5r fra Nybrua og opp til &laquo;flyplassen&raquo;. Avstanden ned til Kongsberg sentrum er omlag 1 km. Gangveien blir flittig brukt av turg\u00e5ere.<\/p>\n<p><a href=\"http:\/\/www.laagendalsposten.no\/nyheter\/snart-fullt-pa-skavanger\/s\/2-2.1601-1.8668214\" target=\"_blank\">Se hva Laagendalsposten skriver-&gt;<\/a><\/p>\n<p>Det tidligere sagbrukets administrasjonsbygning er bygget om til et flott grendehus\/ forsamlingslokale som leies ut til sameiets beboere og andre til m\u00f8ter og selskaper.<\/p>\n<p><a href=\"https:\/\/kongsbergbruk2.no\/?page_id=588\">For leie av grendehuset, Les videre-&gt;<\/a><\/p>\n","protected":false},"excerpt":{"rendered":"<p>Boligsameiet Kongsberg Bruk II ble stiftet h\u00f8sten 2013 og best\u00e5r av 9 hus med 78 boliger. Sameiet har et trygt og godt bomilj\u00f8 med gode arealer for opphold og lek. Sameiet ligger p\u00e5 vestsiden av Numedalsl\u00e5gen. Mellom elva og boligene ligger gangveien som g\u00e5r fra Nybrua og opp til &laquo;flyplassen&raquo;. Avstanden ned til Kongsberg sentrum [&hellip;]<\/p>\n","protected":false},"author":4,"featured_media":0,"parent":0,"menu_order":0,"comment_status":"closed","ping_status":"closed","template":"","meta":{"footnotes":""},"class_list":["post-101","page","type-page","status-publish","hentry"],"_links":{"self":[{"href":"https:\/\/kongsbergbruk2.no\/index.php?rest_route=\/wp\/v2\/pages\/101","targetHints":{"allow":["GET"]}}],"collection":[{"href":"https:\/\/kongsbergbruk2.no\/index.php?rest_route=\/wp\/v2\/pages"}],"about":[{"href":"https:\/\/kongsbergbruk2.no\/index.php?rest_route=\/wp\/v2\/types\/page"}],"author":[{"embeddable":true,"href":"https:\/\/kongsbergbruk2.no\/index.php?rest_route=\/wp\/v2\/users\/4"}],"replies":[{"embeddable":true,"href":"https:\/\/kongsbergbruk2.no\/index.php?rest_route=%2Fwp%2Fv2%2Fcomments&post=101"}],"version-history":[{"count":20,"href":"https:\/\/kongsbergbruk2.no\/index.php?rest_route=\/wp\/v2\/pages\/101\/revisions"}],"predecessor-version":[{"id":749,"href":"https:\/\/kongsbergbruk2.no\/index.php?rest_route=\/wp\/v2\/pages\/101\/revisions\/749"}],"wp:attachment":[{"href":"https:\/\/kongsbergbruk2.no\/index.php?rest_route=%2Fwp%2Fv2%2Fmedia&parent=101"}],"curies":[{"name":"wp","href":"https:\/\/api.w.org\/{rel}","templated":true}]}}